{"id":2971,"date":"2025-10-21T11:27:59","date_gmt":"2025-10-21T09:27:59","guid":{"rendered":"https:\/\/staging.myflowin.com\/?page_id=2971"},"modified":"2025-10-28T16:01:11","modified_gmt":"2025-10-28T15:01:11","slug":"privacy-cookies-notice","status":"publish","type":"page","link":"https:\/\/staging.myflowin.com\/de\/privacy-cookies-notice\/","title":{"rendered":"Privacy &amp; Cookies Notice"},"content":{"rendered":"<!--\n    Title: Container\n    Mode: preview\n    SupportsJSX: true\n    Blueprint: false\n-->\n\n\n<div class=\"gc-container\">\n    <div class=\"acf-innerblocks-container\">\n\n<h2 class=\"wp-block-heading\">Datenschutz- und Cookie-Erkl\u00e4rung<\/h2>\n\n\n\n<p>DSGVO bei Flowin &#8211; DE&nbsp;<\/p>\n\n\n\n<p>Datenschutz- und Cookie-Erkl\u00e4rung&nbsp;<\/p>\n\n\n\n<p><strong>1 Allgemeines<\/strong>&nbsp;<\/p>\n\n\n\n<p>In dieser Erkl\u00e4rung wird erl\u00e4utert, wie Wolters Kluwer Belgium SA (im Folgenden als \u201eWolters Kluwer\u201c bezeichnet) mit Sitz an der Anschrift Motstraat 30, 2800 Mechelen, Belgien (Tel.: +32 15 36 10 00) als Datenverantwortlicher personenbezogene Daten verarbeitet, die wir von Ihnen \u00fcber die Websites myflowin.com, codabox.com und zoomit.be und \u00fcber die Dienste von Flowin oder Codabox erfassen.&nbsp;<\/p>\n\n\n\n<p><strong>2 \u00dcberarbeitungen dieser Datenschutzerkl\u00e4rung<\/strong>&nbsp;<\/p>\n\n\n\n<p>Wir behalten uns das Recht vor, diese Erkl\u00e4rung jederzeit zu \u00e4ndern, werden dies jedoch gem\u00e4\u00df den geltenden Gesetzen und Vorschriften tun. Wir werden Sie, sofern m\u00f6glich, \u00fcber wesentliche \u00c4nderungen dieser Erkl\u00e4rung informieren.&nbsp;<\/p>\n\n\n\n<p>Diese Erkl\u00e4rung wurde zuletzt im November 2024 aktualisiert und \u00fcberarbeitet.&nbsp;<\/p>\n\n\n\n<p><strong>3 Informationen, die wir erfassen<\/strong>&nbsp;<\/p>\n\n\n\n<p><strong>3.1 Kundenbeziehung<\/strong>&nbsp;<\/p>\n\n\n\n<p>Wenn Sie oder Ihr Unternehmen Kunde von Wolters Kluwer werden, erfassen wir die folgenden Arten von personenbezogenen Daten \u00fcber Sie:&nbsp;<\/p>\n\n\n\n<ol class=\"wp-block-list\">\n<li>Identifikationsdaten: Ihr Name, Ihre E-Mail-Adresse, Ihre bevorzugte Sprache und Ihre Telefonnummer. Wir weisen Ihnen oder Ihrem Unternehmen auch eine Kundennummer zu;\u00a0<\/li>\n\n\n\n<li>Die Produkte, die Sie oder Ihr Unternehmen nutzen und Rechnungsinformationen.\u00a0<\/li>\n<\/ol>\n\n\n\n<p>Wenn Sie uns \u00fcber unsere Website oder per E-Mail kontaktieren, erfassen wir die folgenden Arten von personenbezogenen Daten \u00fcber Sie:&nbsp;<\/p>\n\n\n\n<ol class=\"wp-block-list\">\n<li>Identifikationsdaten: Ihr Name, Ihre Telefonnummer und Ihre E-Mail-Adresse;\u00a0<\/li>\n\n\n\n<li>Informationen \u00fcber Ihren Arbeitsplatz: den Namen des Unternehmens, f\u00fcr das Sie arbeiten;\u00a0<\/li>\n\n\n\n<li>Die Nachrichten, die Sie uns senden.\u00a0<\/li>\n<\/ol>\n\n\n\n<p>Wenn Sie uns ein Bank- und Tele\u00fcbertragungsmandat als Grundlage f\u00fcr die Codabox-Dienste erteilen, erfassen wir die folgenden Arten von personenbezogenen Daten \u00fcber Sie:&nbsp;<\/p>\n\n\n\n<ol class=\"wp-block-list\">\n<li>Identifikationsdaten: Ihr Name, Ihre Telefonnummer, Ihre E-Mail-Adresse und Ihre bevorzugte Sprache;\u00a0<\/li>\n\n\n\n<li>Informationen \u00fcber Ihren Arbeitsplatz: Ihre Funktionsbezeichnung, Arbeitgeber und Arbeitsanschrift;\u00a0<\/li>\n<\/ol>\n\n\n\n<p><strong>3.2 Nutzung der Dienste<\/strong>&nbsp;<\/p>\n\n\n\n<p>Wenn Sie die Zoomit-Dienste nutzen, f\u00fchren wir Aktivit\u00e4tsprotokolle; dazu erfassen wir Ihren Namen, Ihre E-Mail-Adresse, Ihre IBAN, Ihre Banknutzerkennung und Ihre bevorzugte Sprache.&nbsp;<\/p>\n\n\n\n<p><strong>3.3 Kundensupport<\/strong>&nbsp;<\/p>\n\n\n\n<p>Wenn wir eine Sitzung mit Bildschirmfreigabe mit Ihnen durchf\u00fchren, um Sie bei der Nutzung unserer Produkte zu unterst\u00fctzen, erfassen wir die folgenden Arten von personenbezogenen Daten \u00fcber Sie:&nbsp;<\/p>\n\n\n\n<ol class=\"wp-block-list\">\n<li>Identifikationsdaten: Ihr Name und Ihre E-Mail-Adresse;\u00a0<\/li>\n\n\n\n<li>Alle Informationen, die w\u00e4hrend der Sitzung mit der Bildschirmfreigabe geteilt werden (Audio und Video).\u00a0<\/li>\n<\/ol>\n\n\n\n<p><strong>3.4 Marketing<\/strong>&nbsp;<\/p>\n\n\n\n<p>Wenn Sie sich f\u00fcr eine von uns organisierte Veranstaltung anmelden und\/oder daran teilnehmen, erfassen wir die folgenden Arten von personenbezogenen Daten \u00fcber Sie:&nbsp;<\/p>\n\n\n\n<ol class=\"wp-block-list\">\n<li>Identifikationsdaten: Ihr Name und Titel, Ihre E-Mail-Adresse und Telefonnummer;\u00a0<\/li>\n\n\n\n<li>Informationen zu Ihrem Unternehmen: Ihr Firmenname;\u00a0<\/li>\n\n\n\n<li>Alle anderen Informationen in Bezug auf die Veranstaltung.\u00a0<\/li>\n<\/ol>\n\n\n\n<p>Wir erfassen ferner personenbezogene Daten \u00fcber Sie, von anderen Veranstaltern, denen Sie die Erlaubnis erteilt haben, diese personenbezogenen Daten an uns weiterzugeben.&nbsp;<\/p>\n\n\n\n<p>Wenn Sie sich f\u00fcr ein von uns organisiertes Online-Seminar anmelden und\/oder daran teilnehmen, erfassen wir die folgenden Arten von personenbezogenen Daten \u00fcber Sie:&nbsp;<\/p>\n\n\n\n<ol class=\"wp-block-list\">\n<li>Identifikationsdaten: Ihr Name, Ihre E-Mail-Adresse, Telefonnummer und IP-Adresse;\u00a0<\/li>\n\n\n\n<li>Daten zu Ihrem Unternehmen: Name und Umsatzsteuer-Identifikationsnummer;\u00a0<\/li>\n\n\n\n<li>Sicherheitsbezogene Daten: Sicherheitsprotokolle, Verbindungs- und Aktivit\u00e4tsprotokolle sowie der User-Agent Ihres Webbrowsers;\u00a0<\/li>\n\n\n\n<li>Die Fragen, die Sie w\u00e4hrend des Online-Seminars stellen.\u00a0<\/li>\n<\/ol>\n\n\n\n<p>Wenn Sie an einer unserer Umfragen teilnehmen, erfassen wir die folgenden Arten von personenbezogenen Daten \u00fcber Sie:&nbsp;<\/p>\n\n\n\n<ol class=\"wp-block-list\">\n<li>Identifikationsdaten: Ihr Name und Ihre E-Mail-Adresse;\u00a0<\/li>\n\n\n\n<li>Ihre Antworten in der Umfrage.\u00a0<\/li>\n<\/ol>\n\n\n\n<p>Wenn Sie sich f\u00fcr unseren Newsletter anmelden, erfassen wir die folgenden Arten von personenbezogenen Daten \u00fcber Sie:&nbsp;<\/p>\n\n\n\n<ol class=\"wp-block-list\">\n<li>Identifikationsdaten: Ihr Name, Ihre gesch\u00e4ftliche E-Mail-Adresse und Ihre bevorzugte Sprache;\u00a0<\/li>\n\n\n\n<li>Informationen zu Ihrem Arbeitsplatz: Name und Adresse Ihres Unternehmens;\u00a0<\/li>\n<\/ol>\n\n\n\n<p>Ihre Ger\u00e4te- und Nutzungsinformationen werden ebenfalls erfasst, wenn Sie die Newsletter lesen.&nbsp;<\/p>\n\n\n\n<p><strong>3.5 Surfen auf der Website<\/strong>&nbsp;<\/p>\n\n\n\n<p>W\u00e4hrend Sie auf unserer Website surfen, erfassen wir die folgenden Arten von personenbezogenen Daten \u00fcber Sie:&nbsp;<\/p>\n\n\n\n<ol class=\"wp-block-list\">\n<li>Identifikationsdaten: Ihre IP-Adresse;\u00a0<\/li>\n\n\n\n<li>Sicherheitsbezogene Daten: Sicherheitsprotokolle, Verbindungs- und Aktivit\u00e4tsprotokolle sowie der User-Agent Ihres Webbrowsers;\u00a0<\/li>\n\n\n\n<li>Wenn Sie uns dies erlauben, erfassen wir dar\u00fcber hinaus Daten \u00fcber die Nutzung der Website durch Sie, z.\u202fB. die Seiten, die Sie besucht haben, oder Informationen, ob Sie unsere Website bereits in der Vergangenheit besucht haben.\u00a0<\/li>\n<\/ol>\n\n\n\n<p><strong>4 Verarbeitungszwecke<\/strong>&nbsp;<\/p>\n\n\n\n<p>Ihre personenbezogenen Daten werden zu folgenden Zwecken verarbeitet:&nbsp;<\/p>\n\n\n\n<ol class=\"wp-block-list\">\n<li>Wenn es f\u00fcr die\u202f<strong>Erf\u00fcllung eines Vertrages<\/strong>\u202fzwischen Ihnen und uns erforderlich ist oder um auf Ihren Wunsch Schritte zu unternehmen, um einen Vertrag abzuschlie\u00dfen:\n<ol class=\"wp-block-list\">\n<li>Um Ihnen und\/oder Ihren Unternehmensnutzern die Anmeldung f\u00fcr unsere Dienste und die Nutzung zu erm\u00f6glichen.\u00a0<\/li>\n\n\n\n<li>Um Mandatszugriff auf Bankdaten f\u00fcr Ihr Unternehmen zu erhalten und beizubehalten.\u00a0<\/li>\n\n\n\n<li>F\u00fcr die Erlangung und Beibehaltung von Mandaten f\u00fcr die \u00dcbermittlung Ihrer Daten an Ihre Wirtschaftspr\u00fcfungsgesellschaft.\u00a0<\/li>\n\n\n\n<li>Um Ihnen wichtige Mitteilungen in Bezug auf die Nutzung der Dienste durch Sie zu \u00fcbermitteln.\u00a0<\/li>\n\n\n\n<li>Um Ihnen die von Ihnen angeforderten Informationen zur Verf\u00fcgung zu stellen und Ihre Fragen zu beantworten, wenn Sie uns kontaktieren.\u00a0<\/li>\n\n\n\n<li>Um Sie bei Problemen bei der Nutzung unserer Dienste zu unterst\u00fctzen.\u00a0<\/li>\n\n\n\n<li>Um die Beziehung zwischen Ihnen, unserem Kunden und uns, Wolters Kluwer, zu verwalten.\u00a0<\/li>\n\n\n\n<li>Um Ihrem Unternehmen oder vertrauenden Beteiligten die Nutzung unserer Dienstleistungen in Rechnung zu stellen.\u00a0<\/li>\n\n\n\n<li>Um die Sicherheit unserer Dienstleistungen, einschlie\u00dflich Ihrer Daten, zu gew\u00e4hrleisten.\u00a0<\/li>\n\n\n\n<li>Um Ihnen die Anmeldung und Teilnahme an unseren Online-Seminaren oder unseren (Pr\u00e4senz-)Veranstaltungen zu erm\u00f6glichen.\u00a0<\/li>\n<\/ol>\n<\/li>\n\n\n\n<li>Wenn Sie\u202f<strong>eingewilligt<\/strong>\u00a0haben,\u202f\u2026\n<ol class=\"wp-block-list\">\n<li>dass wir Sie entsprechend Ihrer Anfrage kontaktieren und Ihnen weitere Informationen \u00fcber unsere Dienstleistungen zur Verf\u00fcgung stellen.\u00a0<\/li>\n\n\n\n<li>Sie auf Ihre Anfrage hin zu kontaktieren und einen Termin mit Ihnen zu vereinbaren.\u00a0<\/li>\n\n\n\n<li>dass wir Ihnen Werbeangebote und Informationen zu den Produkten von Wolters Kluwer gem\u00e4\u00df Ihrer Auswahl zusenden k\u00f6nnen.\u00a0<\/li>\n\n\n\n<li>dass wir Ihnen Umfragen zusenden, mit denen wir Feedback erhalten k\u00f6nnen, das uns erm\u00f6glicht, unsere Produkte zu verbessern.\u00a0<\/li>\n\n\n\n<li>dass wir Ihr Feedback zu unseren Produkten und Dienstleistungen sammeln.\u00a0<\/li>\n\n\n\n<li>eine Sitzung mit Bildschirmfreigabe zu starten, wenn Sie sie anfordern, um Support zu erhalten.\u00a0<\/li>\n\n\n\n<li>dass wir Cookies in Ihrem Browser platzieren und erweiterte Statistiken auf der Grundlage der Informationen erstellen, die uns diese Cookies bereitstellen.\u00a0<\/li>\n<\/ol>\n<\/li>\n\n\n\n<li>Soweit dies f\u00fcr unsere\u202f<strong>berechtigten Interessen<\/strong>\u00a0erforderlich ist, wie nachstehend aufgef\u00fchrt, und soweit Ihre Interessen oder grundlegenden Rechte und Freiheiten dem nicht entgegenstehen:\n<ol class=\"wp-block-list\">\n<li>Um die Sicherheit der Anwendungen, Dienste, Prozesse, Websites und Datenbanken von Wolters Kluwer zu gew\u00e4hrleisten.\u00a0<\/li>\n\n\n\n<li>Um Gesch\u00e4ftskorrespondenz und Gesch\u00e4ftstreffen zu erm\u00f6glichen.\u00a0<\/li>\n\n\n\n<li>Um vergangene Anrufe zur Schulung von Agenten und zur Qualit\u00e4tskontrolle zu \u00fcberpr\u00fcfen.\u00a0<\/li>\n\n\n\n<li>Um Aktionen nachvollziehen zu k\u00f6nnen, die w\u00e4hrend Sitzungen mit Bildschirmfreigabe ausgef\u00fchrt wurden.\u00a0<\/li>\n\n\n\n<li>Um bestehenden Kunden Informationen \u00fcber die Entwicklung der Produkte von Wolters Kluwer zu senden. Sie k\u00f6nnen diese Mitteilungen jederzeit \u00fcber den Abmeldelink am Ende jeder Nachricht abbestellen.\u00a0<\/li>\n\n\n\n<li>Um unsere Dienstleistungen zu verbessern und neue kommerzielle Angebote zu entwickeln, indem wir z.\u202fB. Trends, wiederkehrende Probleme und Kundenverhalten durch die Nutzung unserer Dienstleistungen durch Sie identifizieren;\u00a0<\/li>\n\n\n\n<li>Um unsere Dienstleistungen gegen\u00fcber bestehenden Kunden zu bewerben.\u00a0<\/li>\n\n\n\n<li>Um nicht personenbezogene Informationen \u00fcber Besucher zu erhalten, die die Websites von Wolters Kluwer aufrufen.\u00a0<\/li>\n\n\n\n<li>Um eine Datenbank mit vertrauensw\u00fcrdigen Kombinationen von IBAN-Nummern und Kontoinhabern zu erstellen, die zur Betrugspr\u00e4vention verwendet wird.\u00a0<br>Zu diesen Zwecken haben wir gem\u00e4\u00df den gesetzlichen Vorgaben eine Abw\u00e4gungspr\u00fcfung durchgef\u00fchrt und festgestellt, dass \u2013 unter Ber\u00fccksichtigung der begrenzt erhobenen personenbezogenen Daten, der durchgef\u00fchrten Verarbeitung und Ihrer berechtigten Erwartungen \u2013 Ihre Interessen oder Grundrechte und Grundfreiheiten unser berechtigtes Interesse an der Durchf\u00fchrung dieser Verarbeitungst\u00e4tigkeiten nicht \u00fcberwiegen.\u00a0<\/li>\n<\/ol>\n<\/li>\n\n\n\n<li>Wenn wir in einem bestimmten Fall unseren\u202f<strong>gesetzlichen Verpflichtungen<\/strong>\u00a0nachkommen m\u00fcssen, wie zum Beispiel bei der Meldung von Straftaten oder der Absicht, Straftaten zu begehen, oder der Steuerberichterstattung.\u00a0<\/li>\n<\/ol>\n\n\n\n<p><strong>5 Offenlegung und \u00dcbertragung personenbezogener Daten<\/strong>&nbsp;<\/p>\n\n\n\n<p>Um Ihnen unsere Dienstleistungen anbieten zu k\u00f6nnen und gem\u00e4\u00df den oben genannten Zwecken zu handeln, m\u00fcssen wir Ihre personenbezogenen Daten an folgende Stellen weitergeben:&nbsp;<\/p>\n\n\n\n<ol class=\"wp-block-list\">\n<li>Personal von Wolters Kluwer mit bedarfsgerechtem Zugang, wenn Informationen notwendig sind, und Auftragnehmer, die eine Vertraulichkeitsvereinbarung mit uns unterzeichnet haben.\u00a0<\/li>\n\n\n\n<li>Ihren Buchhalter\/Steuerberater.\u00a0<\/li>\n\n\n\n<li>Drittverarbeiter mit Sitz in Belgien, die uns bei der Verarbeitung Ihrer personenbezogenen Daten ausschlie\u00dflich auf unsere Anweisung unterst\u00fctzen und entsprechenden Vertraulichkeitsverpflichtungen unterliegen:\n<ol class=\"wp-block-list\">\n<li><strong>Wolters Kluwer NV\/SA<\/strong>, die unsere Kundenbeziehungen und Online-Seminar-Tools wartet, Veranstaltungen organisiert und unsere Website pflegt.\u00a0<\/li>\n\n\n\n<li><strong>SurveyAnyplace<\/strong>, das uns eine Umfragel\u00f6sung zur Verf\u00fcgung stellt.\u00a0<\/li>\n\n\n\n<li><strong>Groep Arthur,\u202f<\/strong>die uns bei der Organisation von Veranstaltungen hilft.\u00a0<\/li>\n\n\n\n<li><strong>Twikey<\/strong>, das uns eine L\u00f6sung bietet, um Mandate digital zu signieren.\u00a0<\/li>\n<\/ol>\n<\/li>\n\n\n\n<li>Drittverarbeiter mit Sitz im Europ\u00e4ischen Wirtschaftsraum (EWR), die uns bei der Verarbeitung Ihrer personenbezogenen Daten ausschlie\u00dflich auf unsere Anweisung unterst\u00fctzen und entsprechenden Vertraulichkeitsverpflichtungen unterliegen:\n<ol class=\"wp-block-list\">\n<li><strong>Microsoft<\/strong>, das unsere Kundenbeziehungs- und Bildschirmfreigabel\u00f6sungen bereitstellt und wartet.\u00a0<\/li>\n\n\n\n<li><strong>Google Analytics<\/strong>, das uns einfache Statistiken \u00fcber die Anzahl der einzelnen Besucher auf unserer Website zur Verf\u00fcgung stellt.\u00a0<\/li>\n\n\n\n<li><strong>Amazon Web Services (AWS)<\/strong>, die f\u00fcr das Hosting unserer Website und Anwendungen verantwortlich sind.\u00a0<\/li>\n\n\n\n<li><strong>Twilio Ireland Limited<\/strong>, die f\u00fcr den Versand von Zwei-Faktor-Authentifizierungs-SMS verantwortlich ist.\u00a0<\/li>\n<\/ol>\n<\/li>\n\n\n\n<li>Drittverarbeiter mit Sitz in den Vereinigten Staaten, die uns bei der Verarbeitung Ihrer personenbezogenen Daten ausschlie\u00dflich auf unsere Anweisung unterst\u00fctzen und entsprechenden Vertraulichkeitsverpflichtungen unterliegen:\n<ol class=\"wp-block-list\">\n<li><strong>Zoom<\/strong>, das uns eine Webinar-L\u00f6sung zur Verf\u00fcgung stellt.\u00a0<\/li>\n\n\n\n<li><strong>MailChimp<\/strong>, das uns E-Mail-Massenversand f\u00fcr Newsletter und Marketingkampagnen erm\u00f6glicht.\u00a0<\/li>\n\n\n\n<li><strong>Mailgun<\/strong>, das uns erm\u00f6glicht, E-Mails auf sichere Weise zu versenden, zu empfangen und zu archivieren.\u00a0<\/li>\n\n\n\n<li><strong>FreshDesk<\/strong>, das uns ein Ticketsystem zur Verf\u00fcgung stellt, um Ihre und andere Kundenanfragen zu bearbeiten.\u00a0<\/li>\n<\/ol>\n<\/li>\n\n\n\n<li>Unabh\u00e4ngige Datenverantwortliche, wie etwa Buchhaltungssoftware, die eine Verbindung zu unserer API herstellen und f\u00fcr die Sie uns Ihre Zustimmung zur Weitergabe Ihrer personenbezogenen Daten erteilt haben.\u00a0<\/li>\n\n\n\n<li><strong>YouTube<\/strong>, ein unabh\u00e4ngiger Datenverantwortlicher mit Sitz in Irland, der Dienste zur Anzeige von Videos auf unserer Website anbietet.\u00a0<\/li>\n\n\n\n<li>Regierungsinstitutionen oder Aufsichtsbeh\u00f6rden gem\u00e4\u00df unseren Berichtspflichten.\u00a0<\/li>\n<\/ol>\n\n\n\n<p><strong>6 Datensicherheit und -aufbewahrung<\/strong>&nbsp;<\/p>\n\n\n\n<p>Ihre personenbezogenen Daten werden streng vertraulich behandelt.&nbsp;<\/p>\n\n\n\n<p>Wir ergreifen alle angemessenen Ma\u00dfnahmen, um Ihre personenbezogenen Daten zu sch\u00fctzen. Dazu geh\u00f6rt auch Einrichtung von Prozessen und Verfahren, um den unbefugten Zugriff auf Ihre personenbezogenen Daten oder deren Offenlegung zu minimieren. Wir stellen sicher, dass die Dritten, mit denen wir Ihre personenbezogenen Daten teilen, ebenfalls \u00fcber angemessene Sicherheitsma\u00dfnahmen verf\u00fcgen.&nbsp;<\/p>\n\n\n\n<p>Wir speichern Ihre personenbezogenen Daten so lange, wie es zur Erreichung der in Abschnitt 4 (Verarbeitungszwecke) beschriebenen Zwecke erforderlich ist. Dabei gelten die folgenden maximalen Aufbewahrungsfristen:&nbsp;<\/p>\n\n\n\n<ol class=\"wp-block-list\">\n<li>Grundlegende Kundendaten und Rechnungsdaten werden 10 Jahre ab Beendigung unseres Vertragsverh\u00e4ltnisses aufbewahrt.\u00a0<\/li>\n\n\n\n<li>Daten, die beim Kauf von Dienstleistungen von uns erhoben werden, werden ab Beendigung unseres Vertragsverh\u00e4ltnisses gem\u00e4\u00df belgischem Recht 10 Jahre lang aufbewahrt.\u00a0<\/li>\n\n\n\n<li>Mandatsbezogene Daten werden ab Beendigung unseres Vertragsverh\u00e4ltnisses 10 Jahre lang aufbewahrt.\u00a0<\/li>\n\n\n\n<li>Daten in Bezug auf Zoomit-E-Mail-Benachrichtigungen und -Aktivit\u00e4ten werden 6 Monate lang aufbewahrt.\u00a0<\/li>\n\n\n\n<li>Daten, die erfasst werden, wenn Sie sich mit Fragen an uns wenden oder f\u00fcr Support kontaktieren, werden 10 Jahre lang aufbewahrt.\u00a0<\/li>\n\n\n\n<li>Anrufe und Bildschirmfreigabeaufzeichnungen werden 1 Monat lang aufbewahrt.\u00a0<\/li>\n\n\n\n<li>Die zu statistischen Zwecken erfassten Daten werden 14 Monate lang aufbewahrt.\u00a0<\/li>\n\n\n\n<li>Daten, die erfasst werden, um Ihnen die Anmeldung und Teilnahme an unseren Online-Seminaren zu erm\u00f6glichen, werden 12 Monate lang aufbewahrt.\u00a0<\/li>\n\n\n\n<li>Daten, die erfasst werden, um Ihnen die Anmeldung und Teilnahme an unseren Veranstaltungen zu erm\u00f6glichen, werden f\u00fcr 1 Monat ab Ende der Veranstaltung aufbewahrt.\u00a0<\/li>\n\n\n\n<li>Die im Rahmen von Umfragen erfassten Daten werden 12 Monate lang aufbewahrt.\u00a0<\/li>\n\n\n\n<li>Technische und Sicherheitsprotokolle werden f\u00fcr maximal 6 Monate aufbewahrt.\u00a0<\/li>\n\n\n\n<li>Datensicherungen, die aus Sicherheitsgr\u00fcnden erstellt wurden, werden 4 Wochen lang aufbewahrt;\u00a0<\/li>\n\n\n\n<li>Daten, die zu Marketingzwecken erfasst wurden, werden so lange aufbewahrt, wie wir Ihre Einwilligung haben.\u00a0<\/li>\n\n\n\n<li>Informationen zu zuverl\u00e4ssigen IBAN-Nummern werden aufbewahrt, bis wir dar\u00fcber informiert werden, dass das mit dieser IBAN verkn\u00fcpfte Konto geschlossen wurde.\u00a0<\/li>\n<\/ol>\n\n\n\n<p><strong>7 Kinder<\/strong>&nbsp;<\/p>\n\n\n\n<p>Nutzer von Flowin- und Codabox-Diensten m\u00fcssen mindestens 18 Jahre alt sein.&nbsp;<\/p>\n\n\n\n<p><strong>8<\/strong>\u202f<strong>Automatisierte Entscheidungsfindung und Profiling<\/strong>&nbsp;<\/p>\n\n\n\n<p>Im Rahmen der in dieser Mitteilung beschriebenen Verarbeitung werden keine automatisierten Entscheidungen \u00fcber Sie getroffen.&nbsp;<\/p>\n\n\n\n<p>Ein Profil Ihres Verhaltens bei der Nutzung unserer Website wird von Wolters Kluwer erstellt, wenn Sie die Platzierung unserer Werbe- und Tracking-Cookies auf Ihrem Computer akzeptieren.&nbsp;<\/p>\n\n\n\n<p><strong>9 Ihre Rechte<\/strong>&nbsp;<\/p>\n\n\n\n<p>Sie haben das Recht, von uns eine Kopie Ihrer personenbezogenen Daten zu verlangen, uns um deren Berichtigung oder L\u00f6schung oder um die Einschr\u00e4nkung der Verarbeitung Ihrer personenbezogenen Daten zu bitten sowie die von Ihnen bereitgestellten personenbezogenen Daten in einem strukturierten, maschinenlesbaren Format zu erhalten. Au\u00dferdem k\u00f6nnen Sie der Verarbeitung Ihrer personenbezogenen Daten unter bestimmten Umst\u00e4nden widersprechen (insbesondere wenn wir Ihre personenbezogenen Daten nicht verarbeiten m\u00fcssen, um einer vertraglichen oder sonstigen gesetzlichen Verpflichtung nachzukommen).&nbsp;<\/p>\n\n\n\n<p>Wenn wir Sie um Ihre Einwilligung gebeten haben, k\u00f6nnen Sie diese jederzeit widerrufen; eine Verarbeitung, die bereits vor dem Widerruf stattgefunden hat, bleibt hiervon jedoch unber\u00fchrt. Sie k\u00f6nnen Ihre Einwilligung zur Nutzung von Cookies durch uns widerrufen, indem Sie die mit unserer Domain verkn\u00fcpften Cookies l\u00f6schen.&nbsp;<\/p>\n\n\n\n<p>Sie k\u00f6nnen die oben genannten Rechte aus\u00fcben, indem Sie uns wie im nachstehenden Abschnitt \u201eKontakt\u201c beschrieben kontaktieren.&nbsp;<\/p>\n\n\n\n<p>Diese Rechte k\u00f6nnen eingeschr\u00e4nkt sein, z.\u202fB. wenn die Erf\u00fcllung Ihrer Anfrage personenbezogene Daten \u00fcber eine andere Person preisgeben w\u00fcrde oder wenn Sie uns auffordern, Informationen zu l\u00f6schen, zu deren Aufbewahrung wir gesetzlich verpflichtet sind oder f\u00fcr deren Aufbewahrung wir ein zwingendes berechtigtes Interesse haben.&nbsp;<\/p>\n\n\n\n<p>Wenn Sie noch Bedenken haben, haben Sie das Recht, sich bei der Datenschutzbeh\u00f6rde zu beschweren:\u202f<a href=\"https:\/\/www.dataprotectionauthority.be\/\" target=\"_blank\" rel=\"noopener\">https:\/\/www.dataprotectionauthority.be\/<\/a>.&nbsp;<\/p>\n\n\n\n<p><strong>10 Kontakt<\/strong>&nbsp;<\/p>\n\n\n\n<p>Wenn Sie Fragen zu dieser Datenschutzerkl\u00e4rung haben oder uns aus irgendeinem Grund in Bezug auf die Verarbeitung Ihrer personenbezogenen Daten kontaktieren m\u00f6chten, wenden Sie sich bitte an unseren Datenschutzbeauftragten, indem Sie eine E-Mail an\u202f<a href=\"mailto:wkbe-gdpr@wolterskluwer.com\">wkbe-gdpr@wolterskluwer.com<\/a>\u202fsenden oder eine mit Datum versehene und unterschriebene Anfrage an Wolters Kluwer Belgium NV, Motstraat 30, 2800 Mechelen, Belgien (Tel.: +32 15 36 10 00) senden.&nbsp;<\/p>\n\n<\/div>\n<\/div>\n","protected":false},"excerpt":{"rendered":"","protected":false},"author":2,"featured_media":0,"parent":0,"menu_order":0,"comment_status":"closed","ping_status":"closed","template":"","meta":{"_acf_changed":false,"footnotes":""},"class_list":["post-2971","page","type-page","status-publish","hentry"],"acf":[],"_links":{"self":[{"href":"https:\/\/staging.myflowin.com\/de\/wp-json\/wp\/v2\/pages\/2971","targetHints":{"allow":["GET"]}}],"collection":[{"href":"https:\/\/staging.myflowin.com\/de\/wp-json\/wp\/v2\/pages"}],"about":[{"href":"https:\/\/staging.myflowin.com\/de\/wp-json\/wp\/v2\/types\/page"}],"author":[{"embeddable":true,"href":"https:\/\/staging.myflowin.com\/de\/wp-json\/wp\/v2\/users\/2"}],"replies":[{"embeddable":true,"href":"https:\/\/staging.myflowin.com\/de\/wp-json\/wp\/v2\/comments?post=2971"}],"version-history":[{"count":1,"href":"https:\/\/staging.myflowin.com\/de\/wp-json\/wp\/v2\/pages\/2971\/revisions"}],"predecessor-version":[{"id":2972,"href":"https:\/\/staging.myflowin.com\/de\/wp-json\/wp\/v2\/pages\/2971\/revisions\/2972"}],"wp:attachment":[{"href":"https:\/\/staging.myflowin.com\/de\/wp-json\/wp\/v2\/media?parent=2971"}],"curies":[{"name":"wp","href":"https:\/\/api.w.org\/{rel}","templated":true}]}}