{"id":2577,"date":"2025-10-09T12:45:57","date_gmt":"2025-10-09T10:45:57","guid":{"rendered":"https:\/\/staging.myflowin.com\/blog\/"},"modified":"2025-10-30T12:23:48","modified_gmt":"2025-10-30T11:23:48","slug":"blog","status":"publish","type":"page","link":"https:\/\/staging.myflowin.com\/fr\/blog\/","title":{"rendered":"Blog"},"content":{"rendered":"<!--\n Title: Intro\n-->\n\n<section class=\"gc-intro\">\n    <!--\n    Title: Container\n    Mode: preview\n    SupportsJSX: true\n    Blueprint: false\n-->\n\n\n<div class=\"gc-container\">\n    <h1 class=\"gc-intro__title\">\n            Plongez dans notre blog d\u00e9di\u00e9 \u00e0 l\u2019e-facturation\n        <\/h1>\n<\/div>\n<\/section>\n\n\n<!--\n    Title: Blog Overview\n-->\n\n<div wire:snapshot=\"{&quot;data&quot;:{&quot;currentCategory&quot;:&quot;&quot;,&quot;activePage&quot;:1,&quot;pages&quot;:5},&quot;memo&quot;:{&quot;id&quot;:&quot;WiMd9GxemzmDVKV9mXKj&quot;,&quot;name&quot;:&quot;blog-overview&quot;,&quot;path&quot;:&quot;fr\\\/wp-json\\\/wp\\\/v2\\\/pages\\\/2577&quot;,&quot;method&quot;:&quot;GET&quot;,&quot;release&quot;:&quot;a-a-a&quot;,&quot;children&quot;:[],&quot;scripts&quot;:[],&quot;assets&quot;:[],&quot;errors&quot;:[],&quot;locale&quot;:&quot;en&quot;},&quot;checksum&quot;:&quot;3d3dba197716db973146d18ad01cc175d729ce9dece2dd185edf06cfb3de46de&quot;}\" wire:effects=\"{&quot;url&quot;:{&quot;currentCategory&quot;:{&quot;as&quot;:&quot;category&quot;,&quot;use&quot;:&quot;replace&quot;,&quot;alwaysShow&quot;:false,&quot;except&quot;:&quot;&quot;},&quot;activePage&quot;:{&quot;as&quot;:null,&quot;use&quot;:&quot;replace&quot;,&quot;alwaysShow&quot;:false,&quot;except&quot;:1}}}\" wire:id=\"WiMd9GxemzmDVKV9mXKj\" class=\"gc-blog-overview\" id=\"overview\">\n    <!--\n    Title: Container\n    Mode: preview\n    SupportsJSX: true\n    Blueprint: false\n-->\n\n\n<div class=\"gc-container gc-container--has-margin gc-blog-overview__container\">\n    <ul class=\"gc-blog-overview__categories\">\n            <!--[if BLOCK]><![endif]-->                <li>\n                    <button class=\"gc-blog-overview__category\"\n                        wire:click=\"$set('currentCategory', 'blog-fr')\">\n                        Blog\n                    <\/button>\n                <\/li>\n                            <li>\n                    <button class=\"gc-blog-overview__category\"\n                        wire:click=\"$set('currentCategory', 'guides-fr')\">\n                        Guides\n                    <\/button>\n                <\/li>\n            <!--[if ENDBLOCK]><![endif]-->        <\/ul>\n        <div>\n            <!--[if BLOCK]><![endif]-->                <ul class=\"gc-blog-overview__grid\">\n                    <!--[if BLOCK]><![endif]-->                        <li class=\"gc-blog-overview__item\">\n                            <a class=\"gc-blog-overview__link\" href=\"https:\/\/staging.myflowin.com\/fr\/facturation-electronique-en-belgique-vos-utilisateurs-seront-ils-prets-avant-noel\/\">\n                                <img loading=\"lazy\" decoding=\"async\" width=\"1024\" height=\"614\" src=\"https:\/\/staging.myflowin.com\/wp-content\/uploads\/facturation-electronique-en-belgique-vos-utilisateurs-seront-ils-prets-avant-noel-1-scaled-1-1024x614.webp\" class=\"gc-blog-overview__thumbnail\" alt=\"\" srcset=\"https:\/\/staging.myflowin.com\/wp-content\/uploads\/facturation-electronique-en-belgique-vos-utilisateurs-seront-ils-prets-avant-noel-1-scaled-1-1024x614.webp 1024w, https:\/\/staging.myflowin.com\/wp-content\/uploads\/facturation-electronique-en-belgique-vos-utilisateurs-seront-ils-prets-avant-noel-1-scaled-1-300x180.webp 300w, https:\/\/staging.myflowin.com\/wp-content\/uploads\/facturation-electronique-en-belgique-vos-utilisateurs-seront-ils-prets-avant-noel-1-scaled-1-768x461.webp 768w, https:\/\/staging.myflowin.com\/wp-content\/uploads\/facturation-electronique-en-belgique-vos-utilisateurs-seront-ils-prets-avant-noel-1-scaled-1-1536x922.webp 1536w, https:\/\/staging.myflowin.com\/wp-content\/uploads\/facturation-electronique-en-belgique-vos-utilisateurs-seront-ils-prets-avant-noel-1-scaled-1-2048x1229.webp 2048w\" sizes=\"auto, (max-width: 1024px) 100vw, 1024px\" \/>                                <div class=\"gc-blog-overview__content\">\n                                    <div class=\"gc-blog-overview__date fs-tiny\">13 October 2025<\/div>\n                                    <div class=\"gc-blog-overview__title\">Facturation \u00e9lectronique en Belgique : vos utilisateurs seront-ils pr\u00eats avant No\u00ebl ?<\/div>\n                                    <!--[if BLOCK]><![endif]-->    <!--[if BLOCK]><![endif]--><!--[if ENDBLOCK]><![endif]-->    <!--[if BLOCK]><![endif]-->        <button class=\"gc-button gc-button--transparent gc-blog-overview__button\" type=\"button\">\n            Lire la suite\n            <!--[if BLOCK]><![endif]-->                <svg class='gc-button__icon' xmlns=\"http:\/\/www.w3.org\/2000\/svg\" viewBox=\"0 0 512 512\"><!--! Font Awesome Pro 7.0.0 by @fontawesome - https:\/\/fontawesome.com License - https:\/\/fontawesome.com\/license (Commercial License) Copyright 2025 Fonticons, Inc. --><path fill=\"currentColor\" d=\"M507.3 267.3c6.2-6.2 6.2-16.4 0-22.6l-176-176c-6.2-6.2-16.4-6.2-22.6 0s-6.2 16.4 0 22.6L457.4 240 16 240c-8.8 0-16 7.2-16 16s7.2 16 16 16l441.4 0-148.7 148.7c-6.2 6.2-6.2 16.4 0 22.6s16.4 6.2 22.6 0l176-176z\"\/><\/svg>            <!--[if ENDBLOCK]><![endif]-->        <\/button>\n    <!--[if ENDBLOCK]><![endif]--><!--[if ENDBLOCK]><![endif]-->                                <\/div>\n                            <\/a>\n                        <\/li>\n                                            <li class=\"gc-blog-overview__item\">\n                            <a class=\"gc-blog-overview__link\" href=\"https:\/\/staging.myflowin.com\/fr\/sept-raisons-pour-lesquelles-flowin-est-le-meilleur-allie-des-editeurs-de-logiciels-de-facturation-electronique\/\">\n                                <img loading=\"lazy\" decoding=\"async\" width=\"1000\" height=\"600\" src=\"https:\/\/staging.myflowin.com\/wp-content\/uploads\/seven-reasons-why-flowin-is-an-e-invoicing-software-developers-best-friend.webp\" class=\"gc-blog-overview__thumbnail\" alt=\"\" srcset=\"https:\/\/staging.myflowin.com\/wp-content\/uploads\/seven-reasons-why-flowin-is-an-e-invoicing-software-developers-best-friend.webp 1000w, https:\/\/staging.myflowin.com\/wp-content\/uploads\/seven-reasons-why-flowin-is-an-e-invoicing-software-developers-best-friend-300x180.webp 300w, https:\/\/staging.myflowin.com\/wp-content\/uploads\/seven-reasons-why-flowin-is-an-e-invoicing-software-developers-best-friend-768x461.webp 768w\" sizes=\"auto, (max-width: 1000px) 100vw, 1000px\" \/>                                <div class=\"gc-blog-overview__content\">\n                                    <div class=\"gc-blog-overview__date fs-tiny\">9 September 2025<\/div>\n                                    <div class=\"gc-blog-overview__title\">Sept raisons pour lesquelles Flowin est le meilleur alli\u00e9 des \u00e9diteurs de logiciels de facturation \u00e9lectronique<\/div>\n                                    <!--[if BLOCK]><![endif]-->    <!--[if BLOCK]><![endif]--><!--[if ENDBLOCK]><![endif]-->    <!--[if BLOCK]><![endif]-->        <button class=\"gc-button gc-button--transparent gc-blog-overview__button\" type=\"button\">\n            Lire la suite\n            <!--[if BLOCK]><![endif]-->                <svg class='gc-button__icon' xmlns=\"http:\/\/www.w3.org\/2000\/svg\" viewBox=\"0 0 512 512\"><!--! Font Awesome Pro 7.0.0 by @fontawesome - https:\/\/fontawesome.com License - https:\/\/fontawesome.com\/license (Commercial License) Copyright 2025 Fonticons, Inc. --><path fill=\"currentColor\" d=\"M507.3 267.3c6.2-6.2 6.2-16.4 0-22.6l-176-176c-6.2-6.2-16.4-6.2-22.6 0s-6.2 16.4 0 22.6L457.4 240 16 240c-8.8 0-16 7.2-16 16s7.2 16 16 16l441.4 0-148.7 148.7c-6.2 6.2-6.2 16.4 0 22.6s16.4 6.2 22.6 0l176-176z\"\/><\/svg>            <!--[if ENDBLOCK]><![endif]-->        <\/button>\n    <!--[if ENDBLOCK]><![endif]--><!--[if ENDBLOCK]><![endif]-->                                <\/div>\n                            <\/a>\n                        <\/li>\n                                            <li class=\"gc-blog-overview__item\">\n                            <a class=\"gc-blog-overview__link\" href=\"https:\/\/staging.myflowin.com\/fr\/comment-afternoon-software-a-enfin-mis-fin-a-ses-frustrations-liees-a-la-facturation-grace-a-flowin\/\">\n                                <img loading=\"lazy\" decoding=\"async\" width=\"1024\" height=\"614\" src=\"https:\/\/staging.myflowin.com\/wp-content\/uploads\/pieter-werk-2_resultat-e1750145167254-1024x614.webp\" class=\"gc-blog-overview__thumbnail\" alt=\"\" srcset=\"https:\/\/staging.myflowin.com\/wp-content\/uploads\/pieter-werk-2_resultat-e1750145167254-1024x614.webp 1024w, https:\/\/staging.myflowin.com\/wp-content\/uploads\/pieter-werk-2_resultat-e1750145167254-300x180.webp 300w, https:\/\/staging.myflowin.com\/wp-content\/uploads\/pieter-werk-2_resultat-e1750145167254-768x461.webp 768w, https:\/\/staging.myflowin.com\/wp-content\/uploads\/pieter-werk-2_resultat-e1750145167254.webp 1195w\" sizes=\"auto, (max-width: 1024px) 100vw, 1024px\" \/>                                <div class=\"gc-blog-overview__content\">\n                                    <div class=\"gc-blog-overview__date fs-tiny\">17 June 2025<\/div>\n                                    <div class=\"gc-blog-overview__title\">Comment Afternoon Software a (enfin) mis fin \u00e0 ses frustrations li\u00e9es \u00e0 la facturation gr\u00e2ce \u00e0 Flowin<\/div>\n                                    <!--[if BLOCK]><![endif]-->    <!--[if BLOCK]><![endif]--><!--[if ENDBLOCK]><![endif]-->    <!--[if BLOCK]><![endif]-->        <button class=\"gc-button gc-button--transparent gc-blog-overview__button\" type=\"button\">\n            Lire la suite\n            <!--[if BLOCK]><![endif]-->                <svg class='gc-button__icon' xmlns=\"http:\/\/www.w3.org\/2000\/svg\" viewBox=\"0 0 512 512\"><!--! Font Awesome Pro 7.0.0 by @fontawesome - https:\/\/fontawesome.com License - https:\/\/fontawesome.com\/license (Commercial License) Copyright 2025 Fonticons, Inc. --><path fill=\"currentColor\" d=\"M507.3 267.3c6.2-6.2 6.2-16.4 0-22.6l-176-176c-6.2-6.2-16.4-6.2-22.6 0s-6.2 16.4 0 22.6L457.4 240 16 240c-8.8 0-16 7.2-16 16s7.2 16 16 16l441.4 0-148.7 148.7c-6.2 6.2-6.2 16.4 0 22.6s16.4 6.2 22.6 0l176-176z\"\/><\/svg>            <!--[if ENDBLOCK]><![endif]-->        <\/button>\n    <!--[if ENDBLOCK]><![endif]--><!--[if ENDBLOCK]><![endif]-->                                <\/div>\n                            <\/a>\n                        <\/li>\n                                            <li class=\"gc-blog-overview__item\">\n                            <a class=\"gc-blog-overview__link\" href=\"https:\/\/staging.myflowin.com\/fr\/integration-de-peppol-avec-les-systemes-erp-un-guide-rapide\/\">\n                                <img loading=\"lazy\" decoding=\"async\" width=\"1000\" height=\"600\" src=\"https:\/\/staging.myflowin.com\/wp-content\/uploads\/image-1-1.webp\" class=\"gc-blog-overview__thumbnail\" alt=\"\" srcset=\"https:\/\/staging.myflowin.com\/wp-content\/uploads\/image-1-1.webp 1000w, https:\/\/staging.myflowin.com\/wp-content\/uploads\/image-1-1-300x180.webp 300w, https:\/\/staging.myflowin.com\/wp-content\/uploads\/image-1-1-768x461.webp 768w\" sizes=\"auto, (max-width: 1000px) 100vw, 1000px\" \/>                                <div class=\"gc-blog-overview__content\">\n                                    <div class=\"gc-blog-overview__date fs-tiny\">2 June 2025<\/div>\n                                    <div class=\"gc-blog-overview__title\">Int\u00e9gration de Peppol avec les syst\u00e8mes ERP : un guide rapide<\/div>\n                                    <!--[if BLOCK]><![endif]-->    <!--[if BLOCK]><![endif]--><!--[if ENDBLOCK]><![endif]-->    <!--[if BLOCK]><![endif]-->        <button class=\"gc-button gc-button--transparent gc-blog-overview__button\" type=\"button\">\n            Lire la suite\n            <!--[if BLOCK]><![endif]-->                <svg class='gc-button__icon' xmlns=\"http:\/\/www.w3.org\/2000\/svg\" viewBox=\"0 0 512 512\"><!--! Font Awesome Pro 7.0.0 by @fontawesome - https:\/\/fontawesome.com License - https:\/\/fontawesome.com\/license (Commercial License) Copyright 2025 Fonticons, Inc. --><path fill=\"currentColor\" d=\"M507.3 267.3c6.2-6.2 6.2-16.4 0-22.6l-176-176c-6.2-6.2-16.4-6.2-22.6 0s-6.2 16.4 0 22.6L457.4 240 16 240c-8.8 0-16 7.2-16 16s7.2 16 16 16l441.4 0-148.7 148.7c-6.2 6.2-6.2 16.4 0 22.6s16.4 6.2 22.6 0l176-176z\"\/><\/svg>            <!--[if ENDBLOCK]><![endif]-->        <\/button>\n    <!--[if ENDBLOCK]><![endif]--><!--[if ENDBLOCK]><![endif]-->                                <\/div>\n                            <\/a>\n                        <\/li>\n                                            <li class=\"gc-blog-overview__item\">\n                            <a class=\"gc-blog-overview__link\" href=\"https:\/\/staging.myflowin.com\/fr\/simple-et-evolutif-comment-cafca-software-a-integre-la-facturation-electronique-avec-flowin-sans-se-prendre-la-tete\/\">\n                                <img loading=\"lazy\" decoding=\"async\" width=\"1024\" height=\"576\" src=\"https:\/\/staging.myflowin.com\/wp-content\/uploads\/cafca-1024x576.png\" class=\"gc-blog-overview__thumbnail\" alt=\"\" srcset=\"https:\/\/staging.myflowin.com\/wp-content\/uploads\/cafca-1024x576.png 1024w, https:\/\/staging.myflowin.com\/wp-content\/uploads\/cafca-300x169.png 300w, https:\/\/staging.myflowin.com\/wp-content\/uploads\/cafca-768x432.png 768w, https:\/\/staging.myflowin.com\/wp-content\/uploads\/cafca.png 1280w\" sizes=\"auto, (max-width: 1024px) 100vw, 1024px\" \/>                                <div class=\"gc-blog-overview__content\">\n                                    <div class=\"gc-blog-overview__date fs-tiny\">7 May 2025<\/div>\n                                    <div class=\"gc-blog-overview__title\">Simple et \u00e9volutif : comment Cafca Software a int\u00e9gr\u00e9 la facturation \u00e9lectronique avec Flowin sans se prendre la t\u00eate<\/div>\n                                    <!--[if BLOCK]><![endif]-->    <!--[if BLOCK]><![endif]--><!--[if ENDBLOCK]><![endif]-->    <!--[if BLOCK]><![endif]-->        <button class=\"gc-button gc-button--transparent gc-blog-overview__button\" type=\"button\">\n            Lire la suite\n            <!--[if BLOCK]><![endif]-->                <svg class='gc-button__icon' xmlns=\"http:\/\/www.w3.org\/2000\/svg\" viewBox=\"0 0 512 512\"><!--! Font Awesome Pro 7.0.0 by @fontawesome - https:\/\/fontawesome.com License - https:\/\/fontawesome.com\/license (Commercial License) Copyright 2025 Fonticons, Inc. --><path fill=\"currentColor\" d=\"M507.3 267.3c6.2-6.2 6.2-16.4 0-22.6l-176-176c-6.2-6.2-16.4-6.2-22.6 0s-6.2 16.4 0 22.6L457.4 240 16 240c-8.8 0-16 7.2-16 16s7.2 16 16 16l441.4 0-148.7 148.7c-6.2 6.2-6.2 16.4 0 22.6s16.4 6.2 22.6 0l176-176z\"\/><\/svg>            <!--[if ENDBLOCK]><![endif]-->        <\/button>\n    <!--[if ENDBLOCK]><![endif]--><!--[if ENDBLOCK]><![endif]-->                                <\/div>\n                            <\/a>\n                        <\/li>\n                                            <li class=\"gc-blog-overview__item\">\n                            <a class=\"gc-blog-overview__link\" href=\"https:\/\/staging.myflowin.com\/fr\/un-guide-rapide-sur-peppol-en-belgique\/\">\n                                <img loading=\"lazy\" decoding=\"async\" width=\"1000\" height=\"600\" src=\"https:\/\/staging.myflowin.com\/wp-content\/uploads\/image-3.webp\" class=\"gc-blog-overview__thumbnail\" alt=\"\" srcset=\"https:\/\/staging.myflowin.com\/wp-content\/uploads\/image-3.webp 1000w, https:\/\/staging.myflowin.com\/wp-content\/uploads\/image-3-300x180.webp 300w, https:\/\/staging.myflowin.com\/wp-content\/uploads\/image-3-768x461.webp 768w\" sizes=\"auto, (max-width: 1000px) 100vw, 1000px\" \/>                                <div class=\"gc-blog-overview__content\">\n                                    <div class=\"gc-blog-overview__date fs-tiny\">5 May 2025<\/div>\n                                    <div class=\"gc-blog-overview__title\">Un guide rapide sur Peppol en Belgique<\/div>\n                                    <!--[if BLOCK]><![endif]-->    <!--[if BLOCK]><![endif]--><!--[if ENDBLOCK]><![endif]-->    <!--[if BLOCK]><![endif]-->        <button class=\"gc-button gc-button--transparent gc-blog-overview__button\" type=\"button\">\n            Lire la suite\n            <!--[if BLOCK]><![endif]-->                <svg class='gc-button__icon' xmlns=\"http:\/\/www.w3.org\/2000\/svg\" viewBox=\"0 0 512 512\"><!--! Font Awesome Pro 7.0.0 by @fontawesome - https:\/\/fontawesome.com License - https:\/\/fontawesome.com\/license (Commercial License) Copyright 2025 Fonticons, Inc. --><path fill=\"currentColor\" d=\"M507.3 267.3c6.2-6.2 6.2-16.4 0-22.6l-176-176c-6.2-6.2-16.4-6.2-22.6 0s-6.2 16.4 0 22.6L457.4 240 16 240c-8.8 0-16 7.2-16 16s7.2 16 16 16l441.4 0-148.7 148.7c-6.2 6.2-6.2 16.4 0 22.6s16.4 6.2 22.6 0l176-176z\"\/><\/svg>            <!--[if ENDBLOCK]><![endif]-->        <\/button>\n    <!--[if ENDBLOCK]><![endif]--><!--[if ENDBLOCK]><![endif]-->                                <\/div>\n                            <\/a>\n                        <\/li>\n                    <!--[if ENDBLOCK]><![endif]-->                <\/ul>\n                <ul class=\"gc-pagination\" x-data=\"pagination\">\n\n    <!--[if BLOCK]><![endif]--><!--[if ENDBLOCK]><![endif]-->    <!--[if BLOCK]><![endif]-->        <li>\n            <a href=\".\/?activePage=1\"\n                class=\"gc-pagination__link gc-pagination__link--current\"\n                @click.prevent=\"goToPage(1)\">\n                1\n            <\/a>\n        <\/li>\n            <li>\n            <a href=\".\/?activePage=2\"\n                class=\"gc-pagination__link \"\n                @click.prevent=\"goToPage(2)\">\n                2\n            <\/a>\n        <\/li>\n            <li>\n            <a href=\".\/?activePage=3\"\n                class=\"gc-pagination__link \"\n                @click.prevent=\"goToPage(3)\">\n                3\n            <\/a>\n        <\/li>\n    <!--[if ENDBLOCK]><![endif]-->    <!--[if BLOCK]><![endif]-->        <li>\n            <a href=\".\/?activePage=2\" class=\"gc-pagination__link gc-pagination__next\"\n                @click.prevent=\"goToPage(2)\">\n                <svg class='gc-pagination__icon' xmlns=\"http:\/\/www.w3.org\/2000\/svg\" viewBox=\"0 0 512 512\"><!--! Font Awesome Pro 7.0.0 by @fontawesome - https:\/\/fontawesome.com License - https:\/\/fontawesome.com\/license (Commercial License) Copyright 2025 Fonticons, Inc. --><path fill=\"currentColor\" d=\"M507.3 267.3c6.2-6.2 6.2-16.4 0-22.6l-176-176c-6.2-6.2-16.4-6.2-22.6 0s-6.2 16.4 0 22.6L457.4 240 16 240c-8.8 0-16 7.2-16 16s7.2 16 16 16l441.4 0-148.7 148.7c-6.2 6.2-6.2 16.4 0 22.6s16.4 6.2 22.6 0l176-176z\"\/><\/svg>            <\/a>\n        <\/li>\n    <!--[if ENDBLOCK]><![endif]--><\/ul>\n            <!--[if ENDBLOCK]><![endif]-->        <\/div>\n<\/div>\n<\/div>\n\n\n<!--\n    Title: Content with visual\n-->\n\n<section class=\"gc-cwv\">\n    <!--\n    Title: Container\n    Mode: preview\n    SupportsJSX: true\n    Blueprint: false\n-->\n\n\n<div class=\"gc-container gc-container--has-margin gc-cwv__container gc-cwv__container--with-video\">\n    <div class=\"gc-cwv__wrapper\">\n            <div class=\"gc-cwv__first-column\">\n                <figure class=\"gc-cwv__video-container\">\n            <lite-youtube posterquality='maxresdefault' videoid='xRaJeVLqiA0' ><\/lite-youtube>        <\/figure>\n                <\/div>\n            <div class=\"gc-cwv__second-column gc-cwv__second-column--with-content\">\n                <div class=\"gc-cwv__title h5\">\n\t\tPourquoi l&#039;\u00e9quipe produit d&#039;Idloom pr\u00e9f\u00e8re l&#039;API de Flowin ?\n\t<\/div>    <div class=\"gc-cwv__text\">\n        <p>Pour sa documentation ouverte, son support r\u00e9actif et son int\u00e9gration fluide.<\/p>\n\n    <\/div>\n            <div class=\"gc-cwv__buttons\">\n                            <a\n        href=\"#\" class=\"gc-button\">\n                    Obtenez des conseils gratuits\n        \n                    <svg class='gc-button__icon' xmlns=\"http:\/\/www.w3.org\/2000\/svg\" viewBox=\"0 0 512 512\"><!--! Font Awesome Pro 7.0.0 by @fontawesome - https:\/\/fontawesome.com License - https:\/\/fontawesome.com\/license (Commercial License) Copyright 2025 Fonticons, Inc. --><path fill=\"currentColor\" d=\"M507.3 267.3c6.2-6.2 6.2-16.4 0-22.6l-176-176c-6.2-6.2-16.4-6.2-22.6 0s-6.2 16.4 0 22.6L457.4 240 16 240c-8.8 0-16 7.2-16 16s7.2 16 16 16l441.4 0-148.7 148.7c-6.2 6.2-6.2 16.4 0 22.6s16.4 6.2 22.6 0l176-176z\"\/><\/svg>\n            <\/a>\n                            <\/div>\n                <\/div>\n        <\/div>\n<\/div>\n<\/section>\n\n\n<!--\n Title: Call To Action\n-->\n\n<section class=\"gc-cta\">\n    <!--\n    Title: Container\n    Mode: preview\n    SupportsJSX: true\n    Blueprint: false\n-->\n\n\n<div class=\"gc-container gc-container--has-padding\">\n    <div class=\"gc-cta__title h2\">\n                <p>Vos solutions logicielles, ERP et CRM peuvent \u00e9galement b\u00e9n\u00e9ficier d&rsquo;une connexion s\u00e9curis\u00e9e, rapide et facile au r\u00e9seau Peppol sans co\u00fbts cach\u00e9s.<\/p>\n\n            <\/div>\n                \n                <a\n        href=\"#contact-form\" class=\"gc-button gc-button--dark-hover gc-cta__button\">\n                    Get free advise now \n        \n                    <svg class='gc-button__icon' xmlns=\"http:\/\/www.w3.org\/2000\/svg\" viewBox=\"0 0 512 512\"><!--! Font Awesome Pro 7.0.0 by @fontawesome - https:\/\/fontawesome.com License - https:\/\/fontawesome.com\/license (Commercial License) Copyright 2025 Fonticons, Inc. --><path fill=\"currentColor\" d=\"M507.3 267.3c6.2-6.2 6.2-16.4 0-22.6l-176-176c-6.2-6.2-16.4-6.2-22.6 0s-6.2 16.4 0 22.6L457.4 240 16 240c-8.8 0-16 7.2-16 16s7.2 16 16 16l441.4 0-148.7 148.7c-6.2 6.2-6.2 16.4 0 22.6s16.4 6.2 22.6 0l176-176z\"\/><\/svg>\n            <\/a>\n<\/div>\n    <img loading=\"lazy\" decoding=\"async\" width=\"1024\" height=\"1024\" src=\"https:\/\/staging.myflowin.com\/wp-content\/uploads\/f98b89576d6ae2b0a3e79ea66b3f00541de75f48-1024x1024.jpg\" class=\"gc-cta__image\" alt=\"\" srcset=\"https:\/\/staging.myflowin.com\/wp-content\/uploads\/f98b89576d6ae2b0a3e79ea66b3f00541de75f48-1024x1024.jpg 1024w, https:\/\/staging.myflowin.com\/wp-content\/uploads\/f98b89576d6ae2b0a3e79ea66b3f00541de75f48-300x300.jpg 300w, https:\/\/staging.myflowin.com\/wp-content\/uploads\/f98b89576d6ae2b0a3e79ea66b3f00541de75f48-150x150.jpg 150w, https:\/\/staging.myflowin.com\/wp-content\/uploads\/f98b89576d6ae2b0a3e79ea66b3f00541de75f48-768x768.jpg 768w, https:\/\/staging.myflowin.com\/wp-content\/uploads\/f98b89576d6ae2b0a3e79ea66b3f00541de75f48.jpg 1400w\" sizes=\"auto, (max-width: 1024px) 100vw, 1024px\" \/>\n<\/section>\n","protected":false},"excerpt":{"rendered":"","protected":false},"author":1,"featured_media":0,"parent":0,"menu_order":0,"comment_status":"closed","ping_status":"closed","template":"","meta":{"_acf_changed":false,"footnotes":""},"class_list":["post-2577","page","type-page","status-publish","hentry"],"acf":[],"_links":{"self":[{"href":"https:\/\/staging.myflowin.com\/fr\/wp-json\/wp\/v2\/pages\/2577","targetHints":{"allow":["GET"]}}],"collection":[{"href":"https:\/\/staging.myflowin.com\/fr\/wp-json\/wp\/v2\/pages"}],"about":[{"href":"https:\/\/staging.myflowin.com\/fr\/wp-json\/wp\/v2\/types\/page"}],"author":[{"embeddable":true,"href":"https:\/\/staging.myflowin.com\/fr\/wp-json\/wp\/v2\/users\/1"}],"replies":[{"embeddable":true,"href":"https:\/\/staging.myflowin.com\/fr\/wp-json\/wp\/v2\/comments?post=2577"}],"version-history":[{"count":3,"href":"https:\/\/staging.myflowin.com\/fr\/wp-json\/wp\/v2\/pages\/2577\/revisions"}],"predecessor-version":[{"id":3127,"href":"https:\/\/staging.myflowin.com\/fr\/wp-json\/wp\/v2\/pages\/2577\/revisions\/3127"}],"wp:attachment":[{"href":"https:\/\/staging.myflowin.com\/fr\/wp-json\/wp\/v2\/media?parent=2577"}],"curies":[{"name":"wp","href":"https:\/\/api.w.org\/{rel}","templated":true}]}}