{"id":3120,"date":"2025-02-13T16:38:11","date_gmt":"2025-02-13T15:38:11","guid":{"rendered":"https:\/\/staging.myflowin.com\/merci\/"},"modified":"2025-10-30T13:17:43","modified_gmt":"2025-10-30T12:17:43","slug":"book-a-call-thank-you","status":"publish","type":"page","link":"https:\/\/staging.myflowin.com\/fr\/book-a-call-thank-you\/","title":{"rendered":"Merci"},"content":{"rendered":"<!--\n    Title: Content with visual\n-->\n\n<section class=\"gc-cwv gc-cwv--is-reversed\">\n    <!--\n    Title: Container\n    Mode: preview\n    SupportsJSX: true\n    Blueprint: false\n-->\n\n\n<div class=\"gc-container gc-container--has-margin gc-cwv__container\">\n    <div class=\"gc-cwv__wrapper\">\n            <div class=\"gc-cwv__first-column\">\n                <figure class=\"gc-cwv__image-wrapper\">\n            <img loading=\"lazy\" decoding=\"async\" width=\"1022\" height=\"1024\" src=\"https:\/\/staging.myflowin.com\/wp-content\/uploads\/jurgen-soetaert-e1761821282742-1022x1024.jpg\" class=\"gc-cwv__image\" alt=\"\" data-no-lazy=\"\" srcset=\"https:\/\/staging.myflowin.com\/wp-content\/uploads\/jurgen-soetaert-e1761821282742-1022x1024.jpg 1022w, https:\/\/staging.myflowin.com\/wp-content\/uploads\/jurgen-soetaert-e1761821282742-300x300.jpg 300w, https:\/\/staging.myflowin.com\/wp-content\/uploads\/jurgen-soetaert-e1761821282742-150x150.jpg 150w, https:\/\/staging.myflowin.com\/wp-content\/uploads\/jurgen-soetaert-e1761821282742-768x769.jpg 768w, https:\/\/staging.myflowin.com\/wp-content\/uploads\/jurgen-soetaert-e1761821282742-400x400.jpg 400w, https:\/\/staging.myflowin.com\/wp-content\/uploads\/jurgen-soetaert-e1761821282742-600x600.jpg 600w, https:\/\/staging.myflowin.com\/wp-content\/uploads\/jurgen-soetaert-e1761821282742.jpg 1068w\" sizes=\"auto, (max-width: 1022px) 100vw, 1022px\" \/>        <\/figure>\n                <\/div>\n            <div class=\"gc-cwv__second-column gc-cwv__second-column--with-content\">\n                <h2 class=\"gc-cwv__title h2\">\n\t\tMerci, il ne vous reste plus qu\u2019\u00e0 r\u00e9server votre cr\u00e9neau\u202f!\n\t<\/h2>    <div class=\"gc-cwv__text\">\n        <p>Utilisez <a href=\"https:\/\/outlook.office.com\/bookwithme\/user\/c11be8af00164deba96611aedc7a6793%40wolterskluwer.com?anonymous&amp;ismsaljsauthenabled=true\" target=\"_blank\" rel=\"noopener\">ce lien<\/a> pour consulter nos disponibilit\u00e9s et choisir le moment qui vous convient le mieux. <\/p>\n<p>Nos experts en e-facturation sont pr\u00eats \u00e0 vous aider \u00e0 optimiser vos op\u00e9rations et \u00e0 simplifier l\u2019int\u00e9gration Peppol.<\/p>\n\n    <\/div>\n            <div class=\"gc-cwv__buttons\">\n                            <a href=\"https:\/\/outlook.office.com\/bookwithme\/user\/c11be8af00164deba96611aedc7a6793%40wolterskluwer.com?anonymous&amp;ismsaljsauthenabled=true\" class=\"gc-button\" target=\"_blank\" rel=\"noopener\">\n                    Trouvez un cr\u00e9neau qui vous convient\n        \n                    <svg class='gc-button__icon' xmlns=\"http:\/\/www.w3.org\/2000\/svg\" viewBox=\"0 0 512 512\"><!--! Font Awesome Pro 7.0.0 by @fontawesome - https:\/\/fontawesome.com License - https:\/\/fontawesome.com\/license (Commercial License) Copyright 2025 Fonticons, Inc. --><path fill=\"currentColor\" d=\"M507.3 267.3c6.2-6.2 6.2-16.4 0-22.6l-176-176c-6.2-6.2-16.4-6.2-22.6 0s-6.2 16.4 0 22.6L457.4 240 16 240c-8.8 0-16 7.2-16 16s7.2 16 16 16l441.4 0-148.7 148.7c-6.2 6.2-6.2 16.4 0 22.6s16.4 6.2 22.6 0l176-176z\"\/><\/svg>\n            <\/a>\n                            <\/div>\n                <\/div>\n        <\/div>\n<\/div>\n<\/section>\n","protected":false},"excerpt":{"rendered":"","protected":false},"author":1,"featured_media":0,"parent":0,"menu_order":0,"comment_status":"closed","ping_status":"closed","template":"","meta":{"_acf_changed":false,"footnotes":""},"class_list":["post-3120","page","type-page","status-publish","hentry"],"acf":[],"_links":{"self":[{"href":"https:\/\/staging.myflowin.com\/fr\/wp-json\/wp\/v2\/pages\/3120","targetHints":{"allow":["GET"]}}],"collection":[{"href":"https:\/\/staging.myflowin.com\/fr\/wp-json\/wp\/v2\/pages"}],"about":[{"href":"https:\/\/staging.myflowin.com\/fr\/wp-json\/wp\/v2\/types\/page"}],"author":[{"embeddable":true,"href":"https:\/\/staging.myflowin.com\/fr\/wp-json\/wp\/v2\/users\/1"}],"replies":[{"embeddable":true,"href":"https:\/\/staging.myflowin.com\/fr\/wp-json\/wp\/v2\/comments?post=3120"}],"version-history":[{"count":2,"href":"https:\/\/staging.myflowin.com\/fr\/wp-json\/wp\/v2\/pages\/3120\/revisions"}],"predecessor-version":[{"id":3125,"href":"https:\/\/staging.myflowin.com\/fr\/wp-json\/wp\/v2\/pages\/3120\/revisions\/3125"}],"wp:attachment":[{"href":"https:\/\/staging.myflowin.com\/fr\/wp-json\/wp\/v2\/media?parent=3120"}],"curies":[{"name":"wp","href":"https:\/\/api.w.org\/{rel}","templated":true}]}}